{"id":83,"date":"2017-05-11T06:43:44","date_gmt":"2017-05-11T06:43:44","guid":{"rendered":"http:\/\/rodmazurek.pl\/?page_id=83"},"modified":"2017-05-11T06:43:44","modified_gmt":"2017-05-11T06:43:44","slug":"slimaki","status":"publish","type":"page","link":"https:\/\/rodmazurek.pl\/?page_id=83","title":{"rendered":"\u015alimaki"},"content":{"rendered":"<p style=\"text-align: center;\">\u015aLIMAKI W OGRODZIE \u2013 Jak si\u0119 przed nimi chroni\u0107 i jak je zwalcza\u0107<\/p>\n<p style=\"text-align: center;\">\u015alimaki w ogrodzie bywaj\u0105 po\u017cyteczne zjadaj\u0105c obumar\u0142e cz\u0119\u015bci ro\u015blin. Jednak podczas ich masowego wyst\u0119powania potrafi\u0105 wyrz\u0105dzi\u0107 wiele szk\u00f3d. Zw\u0142aszcza \u015blimaki nagie zjadaj\u0105 du\u017ce ilo\u015bci m\u0142odych ro\u015blin i potrafi\u0105 zniszczy\u0107 cale po\u0142acie upraw. \u015alimaki posiadaj\u0105ce muszl\u0119, jak na przyk\u0142ad winniczek ogrodowy, wyrz\u0105dzaj\u0105 mniejsze szkody lecz nie nale\u017cy ich lekcewa\u017cy\u0107.<\/p>\n<p style=\"text-align: center;\">Na rynku mo\u017cna znale\u017a\u0107 du\u017co ro\u017cnych \u015brodk\u00f3w chemicznych pozwalaj\u0105cych chroni\u0107 swoje uprawy przed \u015blimakami. W wi\u0119kszo\u015bci przypadk\u00f3w ich dzia\u0142anie polega na przywabianiu \u015blimak\u00f3w zapachem, a po spo\u017cyciu na szybkim odwodnieniu jego organizmu. Jednak \u017caden z nich nie zabezpieczy nas ca\u0142kowicie przed tymi \u017car\u0142ocznymi intruzami.<br \/>\nZwr\u00f3\u0107cie uwag\u0119, \u017ce \u015blimaki \u017ceruj\u0105 w dni s\u0142oneczne od zachodu s\u0142o\u0144ca do rana lub w dni deszczowe. Warto wtedy obje\u015b\u0107 ogr\u00f3d co kilka godzin i niszczy\u0107 je r\u0119cznie. \u015alimaki ch\u0119tnie \u017ceruj\u0105 na zw\u0142okach swoich pobratymc\u00f3w.<\/p>\n<p style=\"text-align: center;\">Nie nale\u017cy zaniedbywa\u0107 dzia\u0142a\u0144 profilaktycznych.<br \/>\nW czasie deszczowego lata nale\u017cy ograniczy\u0107 \u015bci\u00f3\u0142kowanie, gdy\u017c stanowi ona cieple i wilgotne schronienie dla \u015blimak\u00f3w. Szczeg\u00f3lnie nale\u017cy unika\u0107 \u015bci\u00f3\u0142kowania m\u0142odych ro\u015blin materia\u0142ami organicznymi.<br \/>\nW czasie s\u0142onecznych dni \u015blimaki lubi\u0105 si\u0119 ukrywa\u0107 pod kamieniami, deskami w g\u0119stwinie ro\u015blin niskich i p\u0142o\u017c\u0105cych, w wysokiej trawie. Nale\u017cy wi\u0119c unika\u0107 takich potencjalnych schowk\u00f3w lub cz\u0119sto je przegl\u0105da\u0107 i niszczy\u0107 ukryte pod nimi szkodniki, a traw\u0119 regularnie kosi\u0107.<\/p>\n<p style=\"text-align: center;\">Sprawdzone zio\u0142a odstraszaj\u0105ce \u015blimaki to cz\u0105ber ogrodowy i rumianek. Do odstraszania ze \u015brodk\u00f3w chemicznych mo\u017cna stosowa\u0107 a\u0142un czyli siarczan potasowo-glinowy KAl(SO4)2.12H2O. Stosuje si\u0119 4 gramy a\u0142unu na 1 litr wody rozpuszczaj\u0105c go najpierw w malej ilo\u015bci ciep\u0142ej wody i dope\u0142niaj\u0105c do 1 litra. Takim roztworem opryskuje si\u0119 zagony.<br \/>\nMo\u017cna r\u00f3wnie\u017c \u2013 do czasu pierwszego deszczu \u2013 dooko\u0142a zagon\u00f3w lub pojedynczych ro\u015blin rozsypywa\u0107 wapno, m\u0105czk\u0119 dolomitow\u0105 lub popi\u00f3\u0142 lecz nale\u017cy uwa\u017ca\u0107 by nie odkwasi\u0107 za bardzo gleby. Bezpieczniejsze jest rozsypywanie ostrego piasku, rozdrobnionych skorupek z jajek, lub ostrych trocin. Po zmoczeniu taka ochrona przestaje dzia\u0142a\u0107. W \u017cadnym wypadku nie stosujemy soli!<\/p>\n<p style=\"text-align: center;\">Niez\u0142e wyniki daj\u0105 r\u00f3wnie\u017c pu\u0142apki.<br \/>\nNajprostsze, to roz\u0142o\u017cone kawa\u0142ki wilgotnych desek, dach\u00f3wki, p\u0142askie kamienie lub li\u015bcie z rabarbaru gdzie szkodniki kryj\u0105 si\u0119 w ci\u0105gu dnia. Mo\u017cemy je tam znale\u017a\u0107,\u00a0 wy\u0142apa\u0107 i zniszczy\u0107.<\/p>\n<p style=\"text-align: center;\">Skuteczne s\u0105 pu\u0142apki z wykorzystaniem jasnego piwa, kt\u00f3rego zapach przywabia \u015blimaki.<br \/>\nPu\u0142apk\u0119 tworzy si\u0119 przez utworzenie malej g\u00f3rki o \u0142agodnych stokach, wkopanie w jej szczycie ma\u0142ego lecz do\u015b\u0107 szerokiego s\u0142oika (np. po rolmopsach) lub podobnego naczynia r\u00f3wno z gruntem i nape\u0142nienie go do pe\u0142na jasnym piwem. Dooko\u0142a s\u0142oika k\u0142adziemy trzy r\u00f3wne kamienie o wysoko\u015bci tak dobranej, by mi\u0119dzy s\u0142oikiem, a daszkiem zosta\u0142o ponad 2 cm wolnego miejsca (patrz rysunek). Przykrywamy p\u0142askim kamieniem lub czym\u015b podobnym aby stworzy\u0107 nad s\u0142oikiem daszek. Daszek ten ochroni pu\u0142apk\u0119 przed zalaniem przez deszcz, a stoki g\u00f3rki pozwol\u0105 na sp\u0142ywanie wody dooko\u0142a s\u0142oika. \u015alimaki zwabione zapachem piwa wpadn\u0105 do s\u0142oika i uton\u0105, a naszym zadaniem b\u0119dzie jedynie ich regularne wy\u0142awianie i wymiana piwa na \u015bwie\u017ce.<br \/>\nW przypadku du\u017cej liczebno\u015bci szkodnik\u00f3w nale\u017cy zwi\u0119kszy\u0107 ilo\u015b\u0107 pu\u0142apek.<br \/>\nZwabione do wype\u0142nionej pu\u0142apki \u015blimaki z ca\u0142ej okolicy mog\u0105 stworzy\u0107 wi\u0119ksze zagro\u017cenie ni\u017c jej brak.<\/p>\n<p style=\"text-align: center;\">Nie ma mo\u017cliwo\u015bci, by pozby\u0107 si\u0119 \u015blimak\u00f3w z ogrodu na stale. Najlepszym rozwi\u0105zaniem jest stosowanie kilku lub wszystkich opisanych wy\u017cej sposob\u00f3w.<\/p>\n","protected":false},"excerpt":{"rendered":"<p>\u015aLIMAKI W OGRODZIE \u2013 Jak si\u0119 przed nimi chroni\u0107 i jak je zwalcza\u0107 \u015alimaki w ogrodzie bywaj\u0105 po\u017cyteczne zjadaj\u0105c obumar\u0142e cz\u0119\u015bci ro\u015blin. Jednak podczas ich masowego wyst\u0119powania potrafi\u0105 wyrz\u0105dzi\u0107 wiele szk\u00f3d. Zw\u0142aszcza \u015blimaki nagie zjadaj\u0105 du\u017ce ilo\u015bci m\u0142odych ro\u015blin i potrafi\u0105 zniszczy\u0107 cale po\u0142acie upraw. \u015alimaki posiadaj\u0105ce muszl\u0119, jak na przyk\u0142ad winniczek ogrodowy, wyrz\u0105dzaj\u0105 mniejsze szkody lecz nie nale\u017cy ich lekcewa\u017cy\u0107. Na rynku mo\u017cna znale\u017a\u0107 du\u017co ro\u017cnych \u015brodk\u00f3w chemicznych pozwalaj\u0105cych chroni\u0107 swoje uprawy przed \u015blimakami. W wi\u0119kszo\u015bci przypadk\u00f3w ich dzia\u0142anie&#8230;<\/p>\n<p class=\"read-more\"><a class=\"btn btn-default\" href=\"https:\/\/rodmazurek.pl\/?page_id=83\"> Read More<span class=\"screen-reader-text\">  Read More<\/span><\/a><\/p>\n","protected":false},"author":1,"featured_media":0,"parent":0,"menu_order":0,"comment_status":"closed","ping_status":"closed","template":"","meta":{"jetpack_post_was_ever_published":false,"footnotes":""},"class_list":["post-83","page","type-page","status-publish","hentry"],"jetpack_sharing_enabled":true,"jetpack_shortlink":"https:\/\/wp.me\/P8IH3U-1l","_links":{"self":[{"href":"https:\/\/rodmazurek.pl\/index.php?rest_route=\/wp\/v2\/pages\/83","targetHints":{"allow":["GET"]}}],"collection":[{"href":"https:\/\/rodmazurek.pl\/index.php?rest_route=\/wp\/v2\/pages"}],"about":[{"href":"https:\/\/rodmazurek.pl\/index.php?rest_route=\/wp\/v2\/types\/page"}],"author":[{"embeddable":true,"href":"https:\/\/rodmazurek.pl\/index.php?rest_route=\/wp\/v2\/users\/1"}],"replies":[{"embeddable":true,"href":"https:\/\/rodmazurek.pl\/index.php?rest_route=%2Fwp%2Fv2%2Fcomments&post=83"}],"version-history":[{"count":1,"href":"https:\/\/rodmazurek.pl\/index.php?rest_route=\/wp\/v2\/pages\/83\/revisions"}],"predecessor-version":[{"id":84,"href":"https:\/\/rodmazurek.pl\/index.php?rest_route=\/wp\/v2\/pages\/83\/revisions\/84"}],"wp:attachment":[{"href":"https:\/\/rodmazurek.pl\/index.php?rest_route=%2Fwp%2Fv2%2Fmedia&parent=83"}],"curies":[{"name":"wp","href":"https:\/\/api.w.org\/{rel}","templated":true}]}}